{"id":94,"date":"2015-03-21T16:45:01","date_gmt":"2015-03-21T15:45:01","guid":{"rendered":"https:\/\/www.patrick-teuffel.eu\/wp\/?page_id=94"},"modified":"2022-10-14T12:07:39","modified_gmt":"2022-10-14T10:07:39","slug":"qualitaet","status":"publish","type":"page","link":"https:\/\/www.patrick-teuffel.eu\/de\/profil\/qualitaet\/","title":{"rendered":"Qualit\u00e4t"},"content":{"rendered":"<p><\/p>\n<h3 class=\"wide-headline\">Qualit\u00e4tsmanangement: T\u00dcV- Zertifizierung \u201cPlaner am Bau\u201d<\/h3>\n<p>Seit 2010 arbeitet unser B\u00fcro mit dem T\u00dcV-zertifizierten Qualit\u00e4tsmanagementsystem \u201ePlaner am Bau\u201c, um interne und externe Prozesse zu optimieren und somit eine durchgehende Qualit\u00e4t zu gew\u00e4hrleisten. Weitere Information dazu finden Sie hier: <a href=\"https:\/\/planer-am-bau.de\/f\" target=\"_blank\" rel=\"noopener noreferrer\">Planer Am Bau<\/a><\/p>\n<p>Das aktuelle Zertifikat vom T\u00dcV Rheinland finden Sie hier: <a href=\"https:\/\/planer-am-bau.de\/index.php?eID=tx_securedownloads&#038;p=4&#038;u=0&#038;g=0&#038;t=1665831962&#038;hash=8ad14e12595b1a005dc09f0ccc06221f5ff20356&#038;file=\/fileadmin\/mitglieder\/146\/2022-06-22_093627_certificate_20220617_Zertifikat_Urkunde_de.pdf\" target=\"_blank\" rel=\"noopener noreferrer\">Zertifikat<\/a><\/p>\n<h3 class=\"wide-headline\">Ingenieurkammern Baden-W\u00fcrttemberg und Hessen sowie Beratender Ingenieur<\/h3>\n<p>Der gesch\u00e4ftsf\u00fchrende Gesellschafter Prof. Dr.-Ing. Patrick Teuffel ist Mitglied in der  <a href=\"https:\/\/www.ingkh.de\/service\/ingenieursuche\/profil\/?nr=56618\" rel=\"noopener noreferrer\" target=\"_blank\">Ingenierkammer Hessen<\/a> sowie in der <a href=\"http:\/\/www.ingkbw.de\" target=\"_blank\" rel=\"noopener noreferrer\">Ingenieurkammer Baden-W\u00fcrttemberg<\/a>. Hier ist er auch in der Liste der Beratenden Ingenieure eingetragen. <\/p>\n<h3 class=\"wide-headline\">Baukammer Berlin<\/h3>\n<p>Dar\u00fcber hinaus ist Prof. Dr.-Ing. Patrick Teuffel  auch Mitglied in der <a href=\"https:\/\/www.baukammerberlin.de\/mitglied\/11214\/\">Baukammer Berlin<\/a>.<\/p>\n<p>Berufsaufgabe des Beratenden Ingenieurs ist die eigenverantwortliche und unabh\u00e4ngige Beratung, insbesondere Entwicklung, Planung, Betreuung, Kontrolle und Pr\u00fcfung auf den Gebieten des Ingenieurwesens; dazu geh\u00f6rt auch die Vertretung des Auftraggebers in mit der Vorbereitung, Leitung, Ausf\u00fchrung, \u00dcberwachung und Abrechnung zusammenh\u00e4ngenden Aufgaben, wobei sich die T\u00e4tigkeit auf alle oder einzelne dieser Aufgaben erstrecken kann.<\/p>","protected":false},"excerpt":{"rendered":"<p>Qualit\u00e4tsmanangement: T\u00dcV- Zertifizierung \u201cPlaner am Bau\u201d Seit 2010 arbeitet unser B\u00fcro mit dem T\u00dcV-zertifizierten Qualit\u00e4tsmanagementsystem \u201ePlaner am Bau\u201c, um interne und externe Prozesse zu optimieren und somit eine durchgehende Qualit\u00e4t zu gew\u00e4hrleisten. Weitere Information dazu finden Sie hier: Planer Am Bau Das aktuelle Zertifikat vom T\u00dcV Rheinland finden Sie hier: Zertifikat Ingenieurkammern Baden-W\u00fcrttemberg und Hessen [&hellip;]<\/p>\n","protected":false},"author":1,"featured_media":0,"parent":2,"menu_order":0,"comment_status":"closed","ping_status":"closed","template":"","meta":{"footnotes":""},"class_list":["post-94","page","type-page","status-publish","hentry"],"_links":{"self":[{"href":"https:\/\/www.patrick-teuffel.eu\/de\/wp-json\/wp\/v2\/pages\/94","targetHints":{"allow":["GET"]}}],"collection":[{"href":"https:\/\/www.patrick-teuffel.eu\/de\/wp-json\/wp\/v2\/pages"}],"about":[{"href":"https:\/\/www.patrick-teuffel.eu\/de\/wp-json\/wp\/v2\/types\/page"}],"author":[{"embeddable":true,"href":"https:\/\/www.patrick-teuffel.eu\/de\/wp-json\/wp\/v2\/users\/1"}],"replies":[{"embeddable":true,"href":"https:\/\/www.patrick-teuffel.eu\/de\/wp-json\/wp\/v2\/comments?post=94"}],"version-history":[{"count":38,"href":"https:\/\/www.patrick-teuffel.eu\/de\/wp-json\/wp\/v2\/pages\/94\/revisions"}],"predecessor-version":[{"id":2815,"href":"https:\/\/www.patrick-teuffel.eu\/de\/wp-json\/wp\/v2\/pages\/94\/revisions\/2815"}],"up":[{"embeddable":true,"href":"https:\/\/www.patrick-teuffel.eu\/de\/wp-json\/wp\/v2\/pages\/2"}],"wp:attachment":[{"href":"https:\/\/www.patrick-teuffel.eu\/de\/wp-json\/wp\/v2\/media?parent=94"}],"curies":[{"name":"wp","href":"https:\/\/api.w.org\/{rel}","templated":true}]}}