{"id":69,"date":"2015-03-21T15:19:12","date_gmt":"2015-03-21T14:19:12","guid":{"rendered":"https:\/\/www.patrick-teuffel.eu\/wp\/?page_id=69"},"modified":"2021-10-21T20:13:54","modified_gmt":"2021-10-21T18:13:54","slug":"willkommen","status":"publish","type":"page","link":"https:\/\/www.patrick-teuffel.eu\/de\/","title":{"rendered":"Willkommen"},"content":{"rendered":"<div class=\"startseite-info\">\n<\/p>\n<h2><b>TRAGWERKSPLANER K\u00d6NNEN IN SACHEN NACHHALTIGKEIT VIEL BEWIRKEN<\/b><\/h2>\n<p>Bei der Debatte um Nachhaltigkeit beim Bauen ging es lange Zeit vor allem um Energieeinsparung. Das gro\u00dfe Thema von heute und morgen ist jedoch auch der Ressourcenverbrauch und damit verbundene CO2-Emissionen. Da 80 oder 90 Prozent der Ressourcen im Rohbau, also eben in Fundament, Decken, St\u00fctzen, W\u00e4nden, etc. stecken, hat der Tragwerksplaner viele M\u00f6glichkeiten, im Sinne der Nachhaltigkeit zu wirken. Im Tragwerk steckt die Masse. Diese k\u00f6nnen wir mit dem n\u00f6tigen Wissen und einer entsprechenden Beratung enorm reduzieren.<\/p>\n<p>Vollst\u00e4ndiges Interview: <a href=\"https:\/\/blog.dgnb.de\/tragwerksplaner-nachhaltigkeit\/\" target=\"_blank\" rel=\"noopener noreferrer\">DGNB BLOG NACHHALTIGKEIT<\/a><br \/>\n<\/p>\n<p><br \/>\nSie m\u00f6chten nicht nur \u00fcber Circular Economy, ESG, CSR, SDG, EU-Taxonomie oder Impact Investment, &#8230; sprechen, sondern auch herausfinden, wie dies in realen Projekten umgesetzt werden kann? CIRCULAR STRUCTURAL DESIGN strebt die Anwendung der Prinzipien der Kreislaufwirtschaft in jedem allt\u00e4glichen Bauprojekt an.<\/p>\n<p>Mehr Informationen finden Sie hier: <a href=\"https:\/\/circular-structural-design.eu\/de\/\" target=\"_blank\" rel=\"noopener noreferrer\">CIRCULAR STRUCTURAL DESIGN<\/a><br \/>\n<\/p>\n<p><\/p>\n<p>\n<\/div>","protected":false},"excerpt":{"rendered":"<p>TRAGWERKSPLANER K\u00d6NNEN IN SACHEN NACHHALTIGKEIT VIEL BEWIRKEN Bei der Debatte um Nachhaltigkeit beim Bauen ging es lange Zeit vor allem um Energieeinsparung. Das gro\u00dfe Thema von heute und morgen ist jedoch auch der Ressourcenverbrauch und damit verbundene CO2-Emissionen. Da 80 oder 90 Prozent der Ressourcen im Rohbau, also eben in Fundament, Decken, St\u00fctzen, W\u00e4nden, etc. [&hellip;]<\/p>\n","protected":false},"author":1,"featured_media":0,"parent":0,"menu_order":0,"comment_status":"closed","ping_status":"closed","template":"","meta":{"footnotes":""},"class_list":["post-69","page","type-page","status-publish","hentry"],"_links":{"self":[{"href":"https:\/\/www.patrick-teuffel.eu\/de\/wp-json\/wp\/v2\/pages\/69","targetHints":{"allow":["GET"]}}],"collection":[{"href":"https:\/\/www.patrick-teuffel.eu\/de\/wp-json\/wp\/v2\/pages"}],"about":[{"href":"https:\/\/www.patrick-teuffel.eu\/de\/wp-json\/wp\/v2\/types\/page"}],"author":[{"embeddable":true,"href":"https:\/\/www.patrick-teuffel.eu\/de\/wp-json\/wp\/v2\/users\/1"}],"replies":[{"embeddable":true,"href":"https:\/\/www.patrick-teuffel.eu\/de\/wp-json\/wp\/v2\/comments?post=69"}],"version-history":[{"count":42,"href":"https:\/\/www.patrick-teuffel.eu\/de\/wp-json\/wp\/v2\/pages\/69\/revisions"}],"predecessor-version":[{"id":2622,"href":"https:\/\/www.patrick-teuffel.eu\/de\/wp-json\/wp\/v2\/pages\/69\/revisions\/2622"}],"wp:attachment":[{"href":"https:\/\/www.patrick-teuffel.eu\/de\/wp-json\/wp\/v2\/media?parent=69"}],"curies":[{"name":"wp","href":"https:\/\/api.w.org\/{rel}","templated":true}]}}