{"id":2,"date":"2015-03-19T16:29:00","date_gmt":"2015-03-19T16:29:00","guid":{"rendered":"https:\/\/www.patrick-teuffel.eu\/wp\/?page_id=2"},"modified":"2017-01-23T19:02:36","modified_gmt":"2017-01-23T18:02:36","slug":"profil","status":"publish","type":"page","link":"https:\/\/www.patrick-teuffel.eu\/de\/profil\/","title":{"rendered":"Profil"},"content":{"rendered":"<p>Seit dem Beginn der Moderne pr\u00e4gten Ingenieure das Bild unserer gebauten Umwelt vielleicht eindrucksvoller als es in der Vergangenheit der Fall war. Immer wenn die Architektur in neue Dimensionen der H\u00f6he, Weite, Komplexit\u00e4t, Best\u00e4ndigkeit, Nachhaltigkeit, also in Bereiche der Technik wie auch der \u00c4sthetik vorst\u00f6\u00dft, bedarf dies besonders der Zusammenarbeit mit Ingenieuren unterschiedlichster Disziplinen.<\/p>\n<p>Um in unserer heutigen Welt der st\u00e4ndigen Neuerungen zu bestehen, sollte der Ingenieur, neben einem umfassenden Schatz an Wissen und Erfahrung, ein ebenso hohes Ma\u00df an investigativer Neugierde und \u00e4sthetischem Feingef\u00fchl besitzen. Ohne diese Bef\u00e4higungen ist das Bauingenieurwesen von heute nicht mehr den Anforderungen der Zeit gewachsen.<\/p>\n<p>Nach diesem holistischen Denk- und Handlungsansatz sind TEUFFEL ENGINEERING CONSULTANTS bestrebt, alle wesentlichen Leistungen der Tragwerksplanung f\u00fcr Geb\u00e4ude und Sonderkonstruktionen zu erbringen. Dar\u00fcber hinaus kamen in den letzten Jahren als strategische Erweiterung des Leistungspakets noch die parametrische Fassadenplanung und das Bauen im Bestand hinzu. 2013 wurde eine Niederlassung in Berlin er\u00f6ffnet.<\/p>\n<p>Konstruktives Verst\u00e4ndnis bedeutet f\u00fcr Patrick Teuffel und sein B\u00fcro vor allem, technische Kenntnisse von fr\u00fch an in allen Phasen des Entwurfs- und Planungsprozesses mit pers\u00f6nlichen sowie \u00e4sthetischen Erfahrungen zu verbinden. Diesem Streben nach einer konstruktiven und gestalterischen Synthese unterliegen seine ingenieurtechnischen Arbeiten sowie sein Denken und Handeln in der theoretischen Lehre, der fachspezifischen Forschung und der didaktischen Vermittlung eben dieser Fragen und Inhalte.<\/p>","protected":false},"excerpt":{"rendered":"<p>Seit dem Beginn der Moderne pr\u00e4gten Ingenieure das Bild unserer gebauten Umwelt vielleicht eindrucksvoller als es in der Vergangenheit der Fall war. Immer wenn die Architektur in neue Dimensionen der H\u00f6he, Weite, Komplexit\u00e4t, Best\u00e4ndigkeit, Nachhaltigkeit, also in Bereiche der Technik wie auch der \u00c4sthetik vorst\u00f6\u00dft, bedarf dies besonders der Zusammenarbeit mit Ingenieuren unterschiedlichster Disziplinen. Um [&hellip;]<\/p>\n","protected":false},"author":1,"featured_media":59,"parent":0,"menu_order":0,"comment_status":"open","ping_status":"open","template":"","meta":{"footnotes":""},"class_list":["post-2","page","type-page","status-publish","has-post-thumbnail","hentry"],"_links":{"self":[{"href":"https:\/\/www.patrick-teuffel.eu\/de\/wp-json\/wp\/v2\/pages\/2","targetHints":{"allow":["GET"]}}],"collection":[{"href":"https:\/\/www.patrick-teuffel.eu\/de\/wp-json\/wp\/v2\/pages"}],"about":[{"href":"https:\/\/www.patrick-teuffel.eu\/de\/wp-json\/wp\/v2\/types\/page"}],"author":[{"embeddable":true,"href":"https:\/\/www.patrick-teuffel.eu\/de\/wp-json\/wp\/v2\/users\/1"}],"replies":[{"embeddable":true,"href":"https:\/\/www.patrick-teuffel.eu\/de\/wp-json\/wp\/v2\/comments?post=2"}],"version-history":[{"count":28,"href":"https:\/\/www.patrick-teuffel.eu\/de\/wp-json\/wp\/v2\/pages\/2\/revisions"}],"predecessor-version":[{"id":1011,"href":"https:\/\/www.patrick-teuffel.eu\/de\/wp-json\/wp\/v2\/pages\/2\/revisions\/1011"}],"wp:featuredmedia":[{"embeddable":true,"href":"https:\/\/www.patrick-teuffel.eu\/de\/wp-json\/wp\/v2\/media\/59"}],"wp:attachment":[{"href":"https:\/\/www.patrick-teuffel.eu\/de\/wp-json\/wp\/v2\/media?parent=2"}],"curies":[{"name":"wp","href":"https:\/\/api.w.org\/{rel}","templated":true}]}}