{"id":1028,"date":"2017-01-27T14:08:03","date_gmt":"2017-01-27T13:08:03","guid":{"rendered":"https:\/\/www.patrick-teuffel.eu\/wp\/?page_id=1028"},"modified":"2025-05-27T14:29:44","modified_gmt":"2025-05-27T12:29:44","slug":"team","status":"publish","type":"page","link":"https:\/\/www.patrick-teuffel.eu\/de\/profil\/team\/","title":{"rendered":"Team"},"content":{"rendered":"<p><\/p>\n<h3 class=\"wide-headline\">Gesch\u00e4ftsf\u00fchrender Gesellschafter<\/h3>\n<p>Patrick Teuffel<span style=\"margin-left: 100px;\">T +49-30-6098 1300-1<\/span><span style=\"margin-left: 150px;\"><a href=\"mailto:pt@patrick-teuffel.com\">Patrick Teuffel<\/a><\/span><span style=\"margin-left: 200px;\"><a href=\"https:\/\/www.patrick-teuffel.eu\/wp\/patrickteuffel\/\">Lebenslauf<\/a><\/span><\/p>\n<p>Die Gesch\u00e4fts- bzw. B\u00fcroleitung wird durch ein innovatives und schlagkr\u00e4ftiges Team unterst\u00fctzt, um die anstehenden Aufgaben bestm\u00f6glich zu bearbeiten. Unser Team besteht momentan aus ca. 10 jungen und auch erfahrenen Mitarbeitern, die alle ein abgeschlossenes Ingenieurstudium mit dem Schwerpunkt Tragwerksplanung besitzen, aber auch Erfahrung und Interesse an Architektur, Fassadenplanung und interdisziplin\u00e4ren Herausforderungen haben.<\/p>","protected":false},"excerpt":{"rendered":"<p>Gesch\u00e4ftsf\u00fchrender Gesellschafter Patrick TeuffelT +49-30-6098 1300-1Patrick TeuffelLebenslauf Die Gesch\u00e4fts- bzw. B\u00fcroleitung wird durch ein innovatives und schlagkr\u00e4ftiges Team unterst\u00fctzt, um die anstehenden Aufgaben bestm\u00f6glich zu bearbeiten. Unser Team besteht momentan aus ca. 10 jungen und auch erfahrenen Mitarbeitern, die alle ein abgeschlossenes Ingenieurstudium mit dem Schwerpunkt Tragwerksplanung besitzen, aber auch Erfahrung und Interesse an Architektur, [&hellip;]<\/p>\n","protected":false},"author":1,"featured_media":0,"parent":2,"menu_order":0,"comment_status":"closed","ping_status":"closed","template":"","meta":{"footnotes":""},"class_list":["post-1028","page","type-page","status-publish","hentry"],"_links":{"self":[{"href":"https:\/\/www.patrick-teuffel.eu\/de\/wp-json\/wp\/v2\/pages\/1028","targetHints":{"allow":["GET"]}}],"collection":[{"href":"https:\/\/www.patrick-teuffel.eu\/de\/wp-json\/wp\/v2\/pages"}],"about":[{"href":"https:\/\/www.patrick-teuffel.eu\/de\/wp-json\/wp\/v2\/types\/page"}],"author":[{"embeddable":true,"href":"https:\/\/www.patrick-teuffel.eu\/de\/wp-json\/wp\/v2\/users\/1"}],"replies":[{"embeddable":true,"href":"https:\/\/www.patrick-teuffel.eu\/de\/wp-json\/wp\/v2\/comments?post=1028"}],"version-history":[{"count":50,"href":"https:\/\/www.patrick-teuffel.eu\/de\/wp-json\/wp\/v2\/pages\/1028\/revisions"}],"predecessor-version":[{"id":2944,"href":"https:\/\/www.patrick-teuffel.eu\/de\/wp-json\/wp\/v2\/pages\/1028\/revisions\/2944"}],"up":[{"embeddable":true,"href":"https:\/\/www.patrick-teuffel.eu\/de\/wp-json\/wp\/v2\/pages\/2"}],"wp:attachment":[{"href":"https:\/\/www.patrick-teuffel.eu\/de\/wp-json\/wp\/v2\/media?parent=1028"}],"curies":[{"name":"wp","href":"https:\/\/api.w.org\/{rel}","templated":true}]}}