{"id":100,"date":"2015-03-21T16:46:45","date_gmt":"2015-03-21T15:46:45","guid":{"rendered":"https:\/\/www.patrick-teuffel.eu\/wp\/?page_id=100"},"modified":"2022-03-15T11:10:02","modified_gmt":"2022-03-15T10:10:02","slug":"netzwerk","status":"publish","type":"page","link":"https:\/\/www.patrick-teuffel.eu\/de\/profil\/netzwerk\/","title":{"rendered":"Netzwerk"},"content":{"rendered":"<p><\/p>\n<div class=\"txt\">\n<p>Unser Unternehmen beziehungsweise unsere Mitarbeiter sind in folgenden Organisationen Mitglied, um einerseits eine kontinuierliche Weiterbildung zu gew\u00e4hrleisten und um andererseits auf eine Vielzahl von internationalen und interdisziplin\u00e4ren Partnern zur\u00fcck zu greifen, um die uns gestellten Aufgaben bestm\u00f6glich zu l\u00f6sen.<\/p>\n<ul>\n<li><a href=\"http:\/\/www.aed-stuttgart.de\/\" target=\"_blank\" rel=\"noopener noreferrer\">aed Architektur Engineering Design in Stuttgart e.V.<\/a><\/li>\n<li><a href=\"https:\/\/www.baukammerberlin.de\/\" target=\"_blank\" rel=\"noopener noreferrer\">Baukammer Berlin<\/a><\/li>\n<li><a href=\"https:\/\/www.bundesstiftung-baukultur.de\/netzwerkeintrag\/teuffel-patrick\" target=\"_blank\" rel=\"noopener noreferrer\">Bundesstiftung Baukultur<\/a><\/li>\n<li><a href=\"https:\/\/circular.berlin\/de\/\" target=\"_blank\" rel=\"noopener noreferrer\">Circular Berlin<\/a><\/li>\n<li><a href=\"https:\/\/www.dgnb.de\/de\/\" target=\"_blank\" rel=\"noopener noreferrer\">DGNB<\/a><\/li>\n<li><a href=\"http:\/\/www.tue.nl\/en\/university\/column-2\/departments\/built-environment\/\" target=\"_blank\" rel=\"noopener noreferrer\">Eindhoven University of Technology<\/a><\/li>\n<li><a href=\"http:\/\/www.iabse.org\/\" target=\"_blank\" rel=\"noopener noreferrer\">IABSE International Association for Bridge and Structural Engineering<\/a><\/li>\n<li><a href=\"http:\/\/www.ingkbw.de\/\" target=\"_blank\" rel=\"noopener noreferrer\">Ingenieurkammer Baden-W\u00fcrttemberg<\/a><\/li>\n<li><a href=\"https:\/\/www.ingkh.de\/service\/ingenieursuche\/profil\/?nr=56618\" rel=\"noopener noreferrer\" target=\"_blank\">Ingenieurkammer Hessen<\/a><\/li>\n<li><a href=\"http:\/\/www.iass-structures.org\/\" target=\"_blank\" rel=\"noopener noreferrer\">International Association for Shell and Spatial Structures (IASS)<\/a><\/li>\n<li><a href=\"http:\/\/www.phase-nachhaltigkeit.jetzt\/\" target=\"_blank\" rel=\"noopener noreferrer\">Phase Nachhaltigkeit<\/a><\/li>\n<li><a href=\"http:\/\/www.planer-am-bau.de\/\" target=\"_blank\" rel=\"noopener noreferrer\">Qualit\u00e4tsVerbund Planer am Bau<\/a><\/li>\n<li><a href=\"http:\/\/www.tensinet.com\/index.php\" target=\"_blank\" rel=\"noopener noreferrer\">TensiNet<\/a><\/li>\n<li><a href=\"http:\/\/www.textile-architektur.de\/\" target=\"_blank\" rel=\"noopener noreferrer\">Textile Architektur<\/a><\/li>\n<li><a href=\"http:\/\/www.leichtbauverein.de\/\" target=\"_blank\" rel=\"noopener noreferrer\">Verein zur F\u00f6rderungs des Leichtbaus e.V.<\/a><\/li>\n<\/ul>\n<\/div>\n<p><\/p>","protected":false},"excerpt":{"rendered":"<p>Unser Unternehmen beziehungsweise unsere Mitarbeiter sind in folgenden Organisationen Mitglied, um einerseits eine kontinuierliche Weiterbildung zu gew\u00e4hrleisten und um andererseits auf eine Vielzahl von internationalen und interdisziplin\u00e4ren Partnern zur\u00fcck zu greifen, um die uns gestellten Aufgaben bestm\u00f6glich zu l\u00f6sen. aed Architektur Engineering Design in Stuttgart e.V. Baukammer Berlin Bundesstiftung Baukultur Circular Berlin DGNB Eindhoven University [&hellip;]<\/p>\n","protected":false},"author":1,"featured_media":0,"parent":2,"menu_order":0,"comment_status":"closed","ping_status":"closed","template":"","meta":{"footnotes":""},"class_list":["post-100","page","type-page","status-publish","hentry"],"_links":{"self":[{"href":"https:\/\/www.patrick-teuffel.eu\/de\/wp-json\/wp\/v2\/pages\/100","targetHints":{"allow":["GET"]}}],"collection":[{"href":"https:\/\/www.patrick-teuffel.eu\/de\/wp-json\/wp\/v2\/pages"}],"about":[{"href":"https:\/\/www.patrick-teuffel.eu\/de\/wp-json\/wp\/v2\/types\/page"}],"author":[{"embeddable":true,"href":"https:\/\/www.patrick-teuffel.eu\/de\/wp-json\/wp\/v2\/users\/1"}],"replies":[{"embeddable":true,"href":"https:\/\/www.patrick-teuffel.eu\/de\/wp-json\/wp\/v2\/comments?post=100"}],"version-history":[{"count":20,"href":"https:\/\/www.patrick-teuffel.eu\/de\/wp-json\/wp\/v2\/pages\/100\/revisions"}],"predecessor-version":[{"id":1489,"href":"https:\/\/www.patrick-teuffel.eu\/de\/wp-json\/wp\/v2\/pages\/100\/revisions\/1489"}],"up":[{"embeddable":true,"href":"https:\/\/www.patrick-teuffel.eu\/de\/wp-json\/wp\/v2\/pages\/2"}],"wp:attachment":[{"href":"https:\/\/www.patrick-teuffel.eu\/de\/wp-json\/wp\/v2\/media?parent=100"}],"curies":[{"name":"wp","href":"https:\/\/api.w.org\/{rel}","templated":true}]}}